{"id":195,"date":"2021-07-27T01:55:02","date_gmt":"2021-07-27T01:55:02","guid":{"rendered":"https:\/\/www.ivanigreppi.com\/?post_type=product&#038;p=195"},"modified":"2025-05-28T15:33:49","modified_gmt":"2025-05-28T15:33:49","slug":"from-spirit-guides-to-the-holy-spirit-pdf-port","status":"publish","type":"product","link":"https:\/\/www.ivanigreppi.com\/index.php\/product\/from-spirit-guides-to-the-holy-spirit-pdf-port\/","title":{"rendered":"De Guias Espirituais ao ESP\u00cdRITO SANTO (PDF)"},"content":{"rendered":"<p>Com quatorze anos de idade, Ivani Greppi foi introduzida \u00e1 Umbanda no Brasil. Foi considerada ter nascido com \u201cdons\u201d de mediunidade, sendo vidente desde sua inf\u00e2ncia. Por gerac\u00f5es, seus antepassados praticavam espiritismo. Muitos, inclusive seus av\u00f3s maternos eram m\u00e9diuns que recebiam guias espirituais. Seu av\u00f4 paterno tinha vis\u00f5es ps\u00edquicas, e a m\u00e3e dele, nascida na It\u00e1lia, era uma curandeira spiritual. Em 1997, um pastor mission\u00e1rio brasileiro visitou a gr\u00e1fica da fam\u00edlia em Kissimmee, Florida. Deus usou este evento casual\u2014uma simples ordem de cart\u00f5es de visita\u2014para libertar a Ivani e sua fam\u00edlia de gerac\u00f5es das pr\u00e1ticas do ocultismo.<\/p>\n","protected":false},"excerpt":{"rendered":"<p>Com quatorze anos de idade, Ivani Greppi foi introduzida \u00e1 Umbanda no Brasil. Foi considerada ter nascido com \u201cdons\u201d de mediunidade, sendo vidente desde sua inf\u00e2ncia. Por gerac\u00f5es, seus antepassados praticavam espiritismo. Muitos, inclusive seus av\u00f3s maternos eram m\u00e9diuns que recebiam guias espirituais. Seu av\u00f4 paterno tinha vis\u00f5es ps\u00edquicas, e a m\u00e3e dele, nascida na [&hellip;]<\/p>\n","protected":false},"featured_media":0,"comment_status":"open","ping_status":"closed","template":"","meta":{"_et_pb_use_builder":"","_et_pb_old_content":"","_et_gb_content_width":"","_links_to":"","_links_to_target":""},"product_cat":[20],"product_tag":[],"_links":{"self":[{"href":"https:\/\/www.ivanigreppi.com\/index.php\/wp-json\/wp\/v2\/product\/195"}],"collection":[{"href":"https:\/\/www.ivanigreppi.com\/index.php\/wp-json\/wp\/v2\/product"}],"about":[{"href":"https:\/\/www.ivanigreppi.com\/index.php\/wp-json\/wp\/v2\/types\/product"}],"replies":[{"embeddable":true,"href":"https:\/\/www.ivanigreppi.com\/index.php\/wp-json\/wp\/v2\/comments?post=195"}],"wp:attachment":[{"href":"https:\/\/www.ivanigreppi.com\/index.php\/wp-json\/wp\/v2\/media?parent=195"}],"wp:term":[{"taxonomy":"product_cat","embeddable":true,"href":"https:\/\/www.ivanigreppi.com\/index.php\/wp-json\/wp\/v2\/product_cat?post=195"},{"taxonomy":"product_tag","embeddable":true,"href":"https:\/\/www.ivanigreppi.com\/index.php\/wp-json\/wp\/v2\/product_tag?post=195"}],"curies":[{"name":"wp","href":"https:\/\/api.w.org\/{rel}","templated":true}]}}